{"id":100,"date":"2016-11-19T10:34:06","date_gmt":"2016-11-19T09:34:06","guid":{"rendered":"http:\/\/cpvirgendelaoliva.educacion.navarra.es\/web\/?page_id=100"},"modified":"2016-12-30T11:54:27","modified_gmt":"2016-12-30T10:54:27","slug":"r-organizativos","status":"publish","type":"page","link":"https:\/\/cpvirgendelaoliva.educacion.navarra.es\/web\/r-organizativos\/","title":{"rendered":"R. Organizativos"},"content":{"rendered":"<h3><span style=\"color: #28570f;\">ASPECTOS IMPORTANTES A DESTACAR<\/span><\/h3>\n<ol>\n<li><em>\u00a0Criterios pedag\u00f3gicos para el establecimiento de horarios.<\/em><\/li>\n<li><em>\u00a0Composici\u00f3n y funciones de los equipos y comisiones.<\/em><\/li>\n<li><em>\u00a0Normas de convivencia y absentismo escolar.<\/em><\/li>\n<li><em>\u00a0Sustituciones del profesorado y permisos<\/em><\/li>\n<li><em>\u00a0Aspectos concretos de la programaci\u00f3n anual.<\/em><\/li>\n<li><em>\u00a0Plan de acogida para alumnado extranjero<\/em><\/li>\n<li><em>\u00a0Anexos propios del centro escolar.<\/em><\/li>\n<\/ol>\n<p>&nbsp;<\/p>\n<p>La planificaci\u00f3n inmediata de un centro educativo necesita de una serie de aspectos que inciden en la correcta organizaci\u00f3n escolar. Adem\u00e1s de los documentos principales como son el \u00a0PEC o la PGA, \u00a0los integrantes de la comunidad educativa necesitan <em><span style=\"color: #28570f;\">informaci\u00f3n m\u00e1s \u00e1gil y directa sobre apartados organizativos del contexto de trabajo diario<\/span><\/em>. El horario del profesorado, la vigilancia en los patios, el plan de sustituciones del profesorado, el calendario de reuniones y evaluaci\u00f3n, el plan de acogida para alumnado extranjero, son entre otros, caracter\u00edsticas que facilitan una organizaci\u00f3n escolar m\u00e1s eficaz.<\/p>\n<p>&nbsp;<\/p>\n<p>&nbsp;<\/p>\n","protected":false},"excerpt":{"rendered":"<p>ASPECTOS IMPORTANTES A DESTACAR \u00a0Criterios pedag\u00f3gicos para el establecimiento de horarios. \u00a0Composici\u00f3n y funciones de los equipos y comisiones. \u00a0Normas de convivencia y absentismo escolar. \u00a0Sustituciones del profesorado y permisos \u00a0Aspectos concretos de la programaci\u00f3n anual. \u00a0Plan de acogida para alumnado extranjero \u00a0Anexos propios del centro escolar. &nbsp; La planificaci\u00f3n inmediata de un centro educativo [&hellip;]<\/p>\n","protected":false},"author":1,"featured_media":0,"parent":0,"menu_order":0,"comment_status":"closed","ping_status":"closed","template":"","meta":{"_genesis_hide_title":false,"_genesis_hide_breadcrumbs":false,"_genesis_hide_singular_image":false,"_genesis_hide_footer_widgets":false,"_genesis_custom_body_class":"","_genesis_custom_post_class":"","_genesis_layout":""},"_links":{"self":[{"href":"https:\/\/cpvirgendelaoliva.educacion.navarra.es\/web\/wp-json\/wp\/v2\/pages\/100"}],"collection":[{"href":"https:\/\/cpvirgendelaoliva.educacion.navarra.es\/web\/wp-json\/wp\/v2\/pages"}],"about":[{"href":"https:\/\/cpvirgendelaoliva.educacion.navarra.es\/web\/wp-json\/wp\/v2\/types\/page"}],"author":[{"embeddable":true,"href":"https:\/\/cpvirgendelaoliva.educacion.navarra.es\/web\/wp-json\/wp\/v2\/users\/1"}],"replies":[{"embeddable":true,"href":"https:\/\/cpvirgendelaoliva.educacion.navarra.es\/web\/wp-json\/wp\/v2\/comments?post=100"}],"version-history":[{"count":3,"href":"https:\/\/cpvirgendelaoliva.educacion.navarra.es\/web\/wp-json\/wp\/v2\/pages\/100\/revisions"}],"predecessor-version":[{"id":296,"href":"https:\/\/cpvirgendelaoliva.educacion.navarra.es\/web\/wp-json\/wp\/v2\/pages\/100\/revisions\/296"}],"wp:attachment":[{"href":"https:\/\/cpvirgendelaoliva.educacion.navarra.es\/web\/wp-json\/wp\/v2\/media?parent=100"}],"curies":[{"name":"wp","href":"https:\/\/api.w.org\/{rel}","templated":true}]}}