{"id":109,"date":"2016-11-19T10:36:13","date_gmt":"2016-11-19T09:36:13","guid":{"rendered":"http:\/\/cpvirgendelaoliva.educacion.navarra.es\/web\/?page_id=109"},"modified":"2025-10-14T13:20:51","modified_gmt":"2025-10-14T11:20:51","slug":"objetivos-por-curso","status":"publish","type":"page","link":"https:\/\/cpvirgendelaoliva.educacion.navarra.es\/web\/objetivos-por-curso\/","title":{"rendered":"Objetivos por curso"},"content":{"rendered":"<p><strong><span style=\"color: #008000;\">PLAN DE MEJORA DE LAS COMPETENCIAS B\u00c1SICAS<\/span><\/strong><\/p>\n<p>Adem\u00e1s de los objetivos del<span style=\"color: #1b9912;\"><strong> Plan de Mejora del Centro<\/strong>,<\/span> en el \u00e1mbito referente a los procesos de ense\u00f1anza aprendizaje, hemos fijado nuevos objetivos teniendo en cuenta la<span style=\"color: #1b9912;\"> <strong>Memoria 2024-2025<\/strong><\/span>\u00a0y <span style=\"color: #1b9912;\"><strong>\u00a0los resultados de las pruebas internas y externas realizadas el curso pasado.<\/strong><\/span><\/p>\n<p>El Centro propone para el curso 2025-2026, los siguientes objetivos para las tres Competencias B\u00e1sicas:<\/p>\n<p><strong><span style=\"color: #008000;\"><u>COMPETENCIA LING\u00dc\u00cdSTICA<\/u><\/span><\/strong><\/p>\n<ol>\n<li>\n<p align=\"justify\"><span style=\"font-family: Arial MT, sans-serif;\"><span style=\"font-family: Arial, sans-serif;\"><span style=\"font-size: medium;\"><b>Utilizar<\/b><\/span><\/span><b style=\"font-family: 'Arial MT', sans-serif;\"> todos los conocimientos, destrezas, actitudes y capacidades que permitan al alumnado comprender, <\/b><span style=\"font-family: Arial MT, sans-serif;\"><b>interpretar<\/b><\/span><b style=\"font-family: 'Arial MT', sans-serif;\">, elaborar y valorar de forma cr\u00edtica cualquier mensaje para poder comunicarse y evitar la desinformaci\u00f3n.<\/b><\/span><\/p>\n<\/li>\n<\/ol>\n<p>En el Colegio intentaremos que lean y escriban todos los d\u00edas en todas las \u00e1reas tanto en voz alta como silenciosa, con el fin de que mejoren la comprensi\u00f3n, entonaci\u00f3n, velocidad, puntuaci\u00f3n, expresi\u00f3n escrita\u2026 y que sean capaces de ver sus mejoras y ello les ayude tambi\u00e9n a no tener\u00a0 pereza\u00a0 a leer en casa.<\/p>\n<p>En cuanto a la escritura, tal como se reflej\u00f3 en la Memoria, <em><span style=\"color: #008000;\">se seguir\u00e1n poniendo en pr\u00e1ctica las acciones programadas el curs<\/span><\/em>o <em><span style=\"color: #008000;\">pasado para mejorar la producci\u00f3n de textos escritos<\/span><\/em>, dado que dieron <em><span style=\"color: #008000;\">buenos resultados<\/span><\/em> (siguiendo las directrices del PLEC).<\/p>\n<p>En ingl\u00e9s se animar\u00e1 a leer libros adecuados a su nivel para trabajar de esa forma la comprensi\u00f3n lectora y escrita.<\/p>\n<p>Es evidente que hay alumnos\/as que no leen habitualmente en casa. <em><span style=\"color: #008000;\">La falta de h\u00e1bito lector repercute en una menor\u00a0<\/span><span style=\"color: #008000;\"><em>comprensi\u00f3n de los textos y<\/em> en una menor fluidez y calidad de lectura en voz alta.<\/span><\/em><\/p>\n<p><strong><span style=\"color: #008000;\"><u>COMPETENCIA MATEM\u00c1TICA<\/u><\/span><\/strong><\/p>\n<ol>\n<li><span style=\"font-family: Arial MT, sans-serif;\"><span style=\"font-family: Arial, sans-serif;\"><span style=\"font-size: medium;\"><b>\u00a0Lograr un uso funcional del contenido matem\u00e1tico en situaciones del entorno natural, social y cultural del alumnado.<\/b><\/span><\/span><\/span><\/li>\n<\/ol>\n<p>Aunque el alumnado ha mejorado en este aspecto, consideramos necesario<em><span style=\"color: #008000;\"> insistir en trabajar la comprensi\u00f3n de los<\/span> <span style=\"color: #008000;\">enunciados de los problemas<\/span><\/em>, <em><span style=\"color: #008000;\">reforzando el vocabulario espec\u00edfico y los sin\u00f3nimos<\/span><\/em>, tal y como qued\u00f3 reflejado en la Memoria del curso pasado.<\/p>\n<p>El tener un porcentaje muy alto de alumnado de minor\u00edas es otra de las razones que nos lleva a trabajar la lectura en el \u00e1rea de matem\u00e1ticas. Estos alumnos\/as muestran un vocabulario escaso a la hora de entender y de expresarse en la resoluci\u00f3n de problemas.<\/p>\n<p><em><span style=\"color: #008000;\">Por ello ser\u00e1 esencial trabajar el vocabulario espec\u00edfico de matem\u00e1ticas y tambi\u00e9n el hacerles contar el problema de otra manera para ver si lo han entendido.<\/span><\/em><\/p>\n<p>Seguiremos aplicando el <strong><span style=\"color: #1b9912;\">Plan de Razonamiento matem\u00e1tico del Centro<\/span><\/strong>. En \u00e9l se propone que debemos ense\u00f1ar al alumnado <em><span style=\"color: #008000;\">procesos de resoluci\u00f3n<\/span><\/em>, para favorecer la adquisici\u00f3n de las correspondientes destrezas y h\u00e1bitos. De esta forma los alumn@s <em><span style=\"color: #008000;\">podr\u00e1n interiorizar las estrategias que tienen que utilizar en las diferentes situaciones que se les planteen en la vida cotidiana.<\/span><\/em><\/p>\n<p>Como siempre, no nos cansaremos de pedir la<strong><span style=\"color: #008000;\"> colaboraci\u00f3n de las familias<\/span><\/strong> en cuanto a control y refuerzo de la lectura.<\/p>\n<p><strong><span style=\"color: #008000;\"><u>VALORES EDUCATIVOS\u00a0 <\/u><\/span><\/strong><\/p>\n<ol>\n<li>\n<p align=\"justify\"><span style=\"font-family: Arial MT, sans-serif;\"><b style=\"font-family: 'Arial MT', sans-serif;\">Identificar y <\/b><span style=\"font-family: Arial MT, sans-serif;\"><b>analizar<\/b><\/span><b style=\"font-family: 'Arial MT', sans-serif;\"> los problemas eco-sociales y afrontarlos adoptando h\u00e1bitos responsables y sostenibles con la naturaleza.<\/b><\/span><\/p>\n<\/li>\n<li>\n<p align=\"justify\"><span style=\"font-family: Arial MT, sans-serif;\"><b>Mejorar la calidad de la educaci\u00f3n y las ense\u00f1anzas de nuestro Centro a trav\u00e9s de un aprendizaje permanente, mediante una tarea docente consensuada, basada en el di\u00e1logo y en los principios de equidad e inclusi\u00f3n.<\/b><\/span><\/p>\n<\/li>\n<\/ol>\n<p>Este curso 2025-2026, la totalidad del Claustro, ha recibido formaci\u00f3n relacionada con la <em><span style=\"color: #008000;\">coeducaci\u00f3n<\/span><\/em>, el programa se llama <strong><span style=\"color: #008000;\">Skolae.<\/span><\/strong><\/p>\n<p>Skolae nace con el<strong><span style=\"color: #008000;\"> objetivo<\/span> <\/strong>de acompa\u00f1ar a cada comunidad escolar como<span style=\"color: #008000;\"> facilitadora del proceso de aprendizaje de ni\u00f1as y<\/span> <span style=\"color: #008000;\">ni\u00f1os desde que nacen y durante todas las etapas de su educaci\u00f3n<\/span> en la adquisici\u00f3n de las competencias necesarias que les permitan elegir su proyecto vital propio,<em><span style=\"color: #008000;\"> desde la libertad y la diversidad de opciones, sin condicionantes de g\u00e9nero<\/span><\/em>, aprendiendo a identificar las desigualdades, a luchar contra ellas y a ejercer su derecho a la igualdad en el \u00e1mbito de su cultura, religi\u00f3n, clase social, situaci\u00f3n funcional, etc.<\/p>\n<p>A trav\u00e9s de la socializaci\u00f3n de g\u00e9nero, las sociedades instruyen a sus ni\u00f1os y ni\u00f1as para que se apropien, entre otros, de los comportamientos considerados apropiados para cada sexo.<em><span style=\"color: #008000;\"> Hay que potenciar las identidades igualitarias<\/span><\/em>,<em><span style=\"color: #008000;\"> diversas<\/span><\/em>, empezando por controlar el lenguaje sexista del alumnado.<\/p>\n<p>Por ello se intentar\u00e1 fomentar la amistad entre todo el alumnado, que <em><span style=\"color: #008000;\">se respeten entre ellos y respeten las normas de<\/span> <span style=\"color: #008000;\">convivencia del Colegio<\/span><\/em>, que no haya actitudes discriminatorias, sobre todo entre chicas y chicos.<\/p>\n<p><em><span style=\"color: #008000;\">Se seguir\u00e1 aplicando el reglamento sobre conductas y consecuencias<\/span><\/em>\u00a0<em><span style=\"color: #008000;\">y se intentar\u00e1 actuar y buscar la colaboraci\u00f3n de los padres lo m\u00e1s r\u00e1pido que se pueda.<\/span><\/em><\/p>\n\n\n<p>En relaci\u00f3n con el segundo objetivo, el Claustro est\u00e1 llegando <strong>acuerdos para trabajar en la misma l\u00ednea <\/strong>(cuaderno, tipos de textos, aplicaciones digitales a utilizar&#8230;). Tambi\u00e9n se est\u00e1 realizando un curso de formaci\u00f3n sobre<strong> \u00abAprendizaje cooperativo y<\/strong> <strong>metodolog\u00edas activas\u00bb<\/strong>. A su vez se est\u00e1 elaborando el<strong> \u00abPlan<\/strong> <strong>Digital de Centro\u00bb<\/strong> y se ha implantado el <strong>\u00abProyecto Ling\u00fc\u00edstico de Centro\u00bb<\/strong>.<\/p>\n","protected":false},"excerpt":{"rendered":"<p>PLAN DE MEJORA DE LAS COMPETENCIAS B\u00c1SICAS Adem\u00e1s de los objetivos del Plan de Mejora del Centro, en el \u00e1mbito referente a los procesos de ense\u00f1anza aprendizaje, hemos fijado nuevos objetivos teniendo en cuenta la Memoria 2024-2025\u00a0y \u00a0los resultados de las pruebas internas y externas realizadas el curso pasado. El Centro propone para el curso [&hellip;]<\/p>\n","protected":false},"author":1,"featured_media":0,"parent":0,"menu_order":0,"comment_status":"closed","ping_status":"closed","template":"","meta":{"_genesis_hide_title":false,"_genesis_hide_breadcrumbs":false,"_genesis_hide_singular_image":false,"_genesis_hide_footer_widgets":false,"_genesis_custom_body_class":"","_genesis_custom_post_class":"","_genesis_layout":""},"_links":{"self":[{"href":"https:\/\/cpvirgendelaoliva.educacion.navarra.es\/web\/wp-json\/wp\/v2\/pages\/109"}],"collection":[{"href":"https:\/\/cpvirgendelaoliva.educacion.navarra.es\/web\/wp-json\/wp\/v2\/pages"}],"about":[{"href":"https:\/\/cpvirgendelaoliva.educacion.navarra.es\/web\/wp-json\/wp\/v2\/types\/page"}],"author":[{"embeddable":true,"href":"https:\/\/cpvirgendelaoliva.educacion.navarra.es\/web\/wp-json\/wp\/v2\/users\/1"}],"replies":[{"embeddable":true,"href":"https:\/\/cpvirgendelaoliva.educacion.navarra.es\/web\/wp-json\/wp\/v2\/comments?post=109"}],"version-history":[{"count":11,"href":"https:\/\/cpvirgendelaoliva.educacion.navarra.es\/web\/wp-json\/wp\/v2\/pages\/109\/revisions"}],"predecessor-version":[{"id":2908,"href":"https:\/\/cpvirgendelaoliva.educacion.navarra.es\/web\/wp-json\/wp\/v2\/pages\/109\/revisions\/2908"}],"wp:attachment":[{"href":"https:\/\/cpvirgendelaoliva.educacion.navarra.es\/web\/wp-json\/wp\/v2\/media?parent=109"}],"curies":[{"name":"wp","href":"https:\/\/api.w.org\/{rel}","templated":true}]}}