{"id":117,"date":"2016-11-19T10:39:47","date_gmt":"2016-11-19T09:39:47","guid":{"rendered":"http:\/\/cpvirgendelaoliva.educacion.navarra.es\/web\/?page_id=117"},"modified":"2025-10-14T13:23:54","modified_gmt":"2025-10-14T11:23:54","slug":"pai","status":"publish","type":"page","link":"https:\/\/cpvirgendelaoliva.educacion.navarra.es\/web\/pai\/","title":{"rendered":"PAI"},"content":{"rendered":"<p>En el curso 2013-2014, nuestro centro comenz\u00f3 a impartir el\u00a0<span style=\"color: #28b521;\"><strong><u>P<\/u><\/strong><\/span>rograma de\u00a0<span style=\"color: #28b521;\"><strong><u>A<\/u><\/strong><\/span>prendizaje en\u00a0<span style=\"color: #28b521;\"><strong><u>I<\/u><\/strong><\/span>ngl\u00e9s (P.A.I) en 1\u00ba de Infantil. Este programa se ir\u00e1 implementando de manera progresiva a lo largo de las etapas de Infantil y Primaria. Actualmente ese programa est\u00e1 en los tres cursos de Infantil y en 1\u00ba , 2\u00ba, 3\u00ba y 4\u00ba de Educaci\u00f3n Primaria.<\/p>\n<p>La distribuci\u00f3n de las \u00e1reas por idiomas para el curso 2025-2026 queda de la siguiente manera:<\/p>\n<h3><em><strong>\u00bfQu\u00e9 es el PAI?<\/strong><\/em><\/h3>\n<ul>\n<li>Es un programa de aprendizaje en ingl\u00e9s.<\/li>\n<\/ul>\n<ul>\n<li>La caracter\u00edstica principal de ese programa es el tratamiento integrado de las dos lenguas, ingl\u00e9s y castellano, a la hora de impartir los contenidos propios de cada uno de los niveles.<\/li>\n<\/ul>\n<ul>\n<li>Es un programa que estar\u00e1 en continua evaluaci\u00f3n, en la que se ir\u00e1 introduciendo modificaciones a lo largo de su implantaci\u00f3n.<\/li>\n<\/ul>\n<ul>\n<li>Su objetivo principal es que los alumnos consigan un buen nivel en ambos idiomas: castellano e ingl\u00e9s al acabar la Educaci\u00f3n Primaria.<\/li>\n<\/ul>\n<h3><em><strong>Implantaci\u00f3n<\/strong><\/em><\/h3>\n<h4><span style=\"color: #15bf45;\">INFANTIL &#8211; PRIMARIA<\/span><\/h4>\n<p><img loading=\"lazy\" class=\"aligncenter size-full wp-image-360\" src=\"https:\/\/cpvirgendelaoliva.educacion.navarra.es\/web\/wp-content\/uploads\/2016\/11\/implantacion-pai-1.jpg\" alt=\"\" width=\"611\" height=\"547\" srcset=\"https:\/\/cpvirgendelaoliva.educacion.navarra.es\/web\/wp-content\/uploads\/2016\/11\/implantacion-pai-1.jpg 611w, https:\/\/cpvirgendelaoliva.educacion.navarra.es\/web\/wp-content\/uploads\/2016\/11\/implantacion-pai-1-300x269.jpg 300w\" sizes=\"(max-width: 611px) 100vw, 611px\" \/><\/p>\n<h3><em><strong>C\u00f3mo se trabaja<\/strong><\/em><\/h3>\n<h4><strong><span style=\"color: #28b521;\">EN INFANTIL<\/span><br \/>\n<\/strong><\/h4>\n<ul>\n<li>El curr\u00edculo que se sigue es el propio de la educaci\u00f3n infantil. Lo que este programa pretende es desarrollarlo en las 2 lenguas, con la finalidad de que los ni\u00f1os, al finalizar su escolaridad, sean competentes en ambas lenguas, es decir, los ni\u00f1os <strong>aprenden <\/strong>contenidos en <strong>ingl\u00e9s<\/strong> y en <strong>castellano<\/strong>, a la vez que aprenden el idioma.<\/li>\n<\/ul>\n<ul>\n<li><strong>Distribuci\u00f3n semanal de la sesiones<\/strong> de las diferentes lenguas en los 2 modelos:<\/li>\n<\/ul>\n<p>&#8211; 13 sesiones de castellano + 1 religi\u00f3n\/AE [OPTATIVAS].<\/p>\n<p>&#8211; 10 sesiones m\u00ednimas de ingl\u00e9s.<\/p>\n<p>&#8211; 4 de euskera o castellano [OPTATIVAS].<\/p>\n<h4><strong><span style=\"color: #28b521;\">EN PRIMARIA<\/span><\/strong><\/h4>\n<ul>\n<li>El curr\u00edculo que se sigue es el propio de la\u00a0Educaci\u00f3n Primaria.<\/li>\n<\/ul>\n<ul>\n<li>Para el curso 2025-2026, la <strong>distribuci\u00f3n<\/strong> de las asignaturas en ambos idiomas queda de la siguiente manera:<\/li>\n<\/ul>\n<p><strong>&#8211; Castellano: <\/strong>Lengua Castellana, Ciencias Sociales, Educaci\u00f3n F\u00edsica, M\u00fasica, Religi\u00f3n \/ AE.<\/p>\n<p>&#8211; <strong>Ingl\u00e9s:<\/strong> Lengua Inglesa,\u00a0 Ciencias Naturales, Pl\u00e1stica.<\/p>\n<p>&#8211; <strong>Castellano e Ingl\u00e9s (compartido)<\/strong>: Matem\u00e1ticas.<\/p>\n<h3><em><strong>Tutor y co-tutor<\/strong><\/em><\/h3>\n<ul>\n<li>Los alumnos tienen como referencia dos personas (la de castellano e ingl\u00e9s).<\/li>\n<\/ul>\n<ul>\n<li>Es fundamental una coordinaci\u00f3n entre tutor y co-tutor.<\/li>\n<\/ul>\n<ul>\n<li>Las entrevistas con las familias se preparan conjuntamente aunque quien transmita la informaci\u00f3n, en la mayor\u00eda de los casos, sobre el alumnado sea su tutor\/a.<\/li>\n<\/ul>\n","protected":false},"excerpt":{"rendered":"<p>En el curso 2013-2014, nuestro centro comenz\u00f3 a impartir el\u00a0Programa de\u00a0Aprendizaje en\u00a0Ingl\u00e9s (P.A.I) en 1\u00ba de Infantil. Este programa se ir\u00e1 implementando de manera progresiva a lo largo de las etapas de Infantil y Primaria. Actualmente ese programa est\u00e1 en los tres cursos de Infantil y en 1\u00ba , 2\u00ba, 3\u00ba y 4\u00ba de Educaci\u00f3n [&hellip;]<\/p>\n","protected":false},"author":1,"featured_media":0,"parent":0,"menu_order":0,"comment_status":"closed","ping_status":"closed","template":"","meta":{"_genesis_hide_title":false,"_genesis_hide_breadcrumbs":false,"_genesis_hide_singular_image":false,"_genesis_hide_footer_widgets":false,"_genesis_custom_body_class":"","_genesis_custom_post_class":"","_genesis_layout":""},"_links":{"self":[{"href":"https:\/\/cpvirgendelaoliva.educacion.navarra.es\/web\/wp-json\/wp\/v2\/pages\/117"}],"collection":[{"href":"https:\/\/cpvirgendelaoliva.educacion.navarra.es\/web\/wp-json\/wp\/v2\/pages"}],"about":[{"href":"https:\/\/cpvirgendelaoliva.educacion.navarra.es\/web\/wp-json\/wp\/v2\/types\/page"}],"author":[{"embeddable":true,"href":"https:\/\/cpvirgendelaoliva.educacion.navarra.es\/web\/wp-json\/wp\/v2\/users\/1"}],"replies":[{"embeddable":true,"href":"https:\/\/cpvirgendelaoliva.educacion.navarra.es\/web\/wp-json\/wp\/v2\/comments?post=117"}],"version-history":[{"count":7,"href":"https:\/\/cpvirgendelaoliva.educacion.navarra.es\/web\/wp-json\/wp\/v2\/pages\/117\/revisions"}],"predecessor-version":[{"id":2909,"href":"https:\/\/cpvirgendelaoliva.educacion.navarra.es\/web\/wp-json\/wp\/v2\/pages\/117\/revisions\/2909"}],"wp:attachment":[{"href":"https:\/\/cpvirgendelaoliva.educacion.navarra.es\/web\/wp-json\/wp\/v2\/media?parent=117"}],"curies":[{"name":"wp","href":"https:\/\/api.w.org\/{rel}","templated":true}]}}