{"id":121,"date":"2016-11-19T10:40:11","date_gmt":"2016-11-19T09:40:11","guid":{"rendered":"http:\/\/cpvirgendelaoliva.educacion.navarra.es\/web\/?page_id=121"},"modified":"2016-12-30T15:34:23","modified_gmt":"2016-12-30T14:34:23","slug":"robotica","status":"publish","type":"page","link":"https:\/\/cpvirgendelaoliva.educacion.navarra.es\/web\/robotica\/","title":{"rendered":"Rob\u00f3tica"},"content":{"rendered":"<p>Al meter la<strong><em><span style=\"color: #28a128;\"> Rob\u00f3tica <\/span><\/em><\/strong>en el curr\u00edculo de Primaria, varios profesores\/as<span style=\"color: #000000;\">\u00a0del<\/span>\u00a0centro se formaron para impartir dicha materia.<\/p>\n<p>Este proyecto se est\u00e1 llevando a cabo en<strong> 5\u00baEP.<\/strong> Se empez\u00f3 en el curso <strong>2015-2016.<\/strong><\/p>\n<p>Dicho proyecto est\u00e1 basado en el conocimiento y utilizaci\u00f3n del programa <strong><span style=\"color: #28a128;\">SCRATCH.<\/span><\/strong><\/p>\n<p>Al ponerlo en pr\u00e1ctica nos encontramos con dos inconvenientes:<\/p>\n<ul>\n<li>Poco tiempo disponible porque se imparte en el horario de matem\u00e1ticas.<\/li>\n<li>No todo el alumnado lo puede trabajar en casa porque se necesita ordenador y conexi\u00f3n a internet.<\/li>\n<\/ul>\n<p>De momento es experimental, pudi\u00e9ndose ampliar a otros cursos en funci\u00f3n de los resultados obtenidos.<\/p>\n<p><img loading=\"lazy\" class=\"aligncenter size-full wp-image-315\" src=\"https:\/\/cpvirgendelaoliva.educacion.navarra.es\/web\/wp-content\/uploads\/2016\/11\/scracht.jpg\" alt=\"\" width=\"259\" height=\"194\" \/><\/p>\n<p>&nbsp;<\/p>\n","protected":false},"excerpt":{"rendered":"<p>Al meter la Rob\u00f3tica en el curr\u00edculo de Primaria, varios profesores\/as\u00a0del\u00a0centro se formaron para impartir dicha materia. Este proyecto se est\u00e1 llevando a cabo en 5\u00baEP. Se empez\u00f3 en el curso 2015-2016. Dicho proyecto est\u00e1 basado en el conocimiento y utilizaci\u00f3n del programa SCRATCH. Al ponerlo en pr\u00e1ctica nos encontramos con dos inconvenientes: Poco tiempo [&hellip;]<\/p>\n","protected":false},"author":1,"featured_media":0,"parent":0,"menu_order":0,"comment_status":"closed","ping_status":"closed","template":"","meta":{"_genesis_hide_title":false,"_genesis_hide_breadcrumbs":false,"_genesis_hide_singular_image":false,"_genesis_hide_footer_widgets":false,"_genesis_custom_body_class":"","_genesis_custom_post_class":"","_genesis_layout":""},"_links":{"self":[{"href":"https:\/\/cpvirgendelaoliva.educacion.navarra.es\/web\/wp-json\/wp\/v2\/pages\/121"}],"collection":[{"href":"https:\/\/cpvirgendelaoliva.educacion.navarra.es\/web\/wp-json\/wp\/v2\/pages"}],"about":[{"href":"https:\/\/cpvirgendelaoliva.educacion.navarra.es\/web\/wp-json\/wp\/v2\/types\/page"}],"author":[{"embeddable":true,"href":"https:\/\/cpvirgendelaoliva.educacion.navarra.es\/web\/wp-json\/wp\/v2\/users\/1"}],"replies":[{"embeddable":true,"href":"https:\/\/cpvirgendelaoliva.educacion.navarra.es\/web\/wp-json\/wp\/v2\/comments?post=121"}],"version-history":[{"count":3,"href":"https:\/\/cpvirgendelaoliva.educacion.navarra.es\/web\/wp-json\/wp\/v2\/pages\/121\/revisions"}],"predecessor-version":[{"id":316,"href":"https:\/\/cpvirgendelaoliva.educacion.navarra.es\/web\/wp-json\/wp\/v2\/pages\/121\/revisions\/316"}],"wp:attachment":[{"href":"https:\/\/cpvirgendelaoliva.educacion.navarra.es\/web\/wp-json\/wp\/v2\/media?parent=121"}],"curies":[{"name":"wp","href":"https:\/\/api.w.org\/{rel}","templated":true}]}}