{"id":123,"date":"2016-11-19T10:41:02","date_gmt":"2016-11-19T09:41:02","guid":{"rendered":"http:\/\/cpvirgendelaoliva.educacion.navarra.es\/web\/?page_id=123"},"modified":"2016-12-25T17:01:29","modified_gmt":"2016-12-25T16:01:29","slug":"metodologia","status":"publish","type":"page","link":"https:\/\/cpvirgendelaoliva.educacion.navarra.es\/web\/metodologia\/","title":{"rendered":"Metodolog\u00eda"},"content":{"rendered":"<p>&nbsp;<\/p>\n<p>El modelo de ense\u00f1anza basado en las <em>competencias<\/em> promueve que el aprendizaje eficaz se produce cuando es el propio alumno el que asume la responsabilidad en la organizaci\u00f3n y desarrollo de su propio trabajo acad\u00e9mico. Aceptar este principio supone enfocar necesariamente los procesos de ense\u00f1anza desde una perspectiva diferente, ya que el centro de la actividad se traslada del profesor al estudiante. En este sentido, la educaci\u00f3n centrada en el estudiante requiere cambios organizativos en el dise\u00f1o de las materias y en la planificaci\u00f3n del aula, en el desarrollo de actividades, en la organizaci\u00f3n de los estudiantes, en los sistemas de evaluaci\u00f3n, en el desarrollo de nuevas modalidades de ense\u00f1anza, en las estrategias metodol\u00f3gicas o en las relaciones entre docentes y discentes.<\/p>\n<p>&nbsp;<\/p>\n<p>El mundo cambia y la escuela se ha de transformar para dar respuesta a las demandas de la sociedad. Hablar de educaci\u00f3n, es hablar de <em>equidad, de justicia social y de derechos humanos.<\/em><\/p>\n<p>&nbsp;<\/p>\n<p>Las caracter\u00edsticas y necesidades educativas de nuestra sociedad hacen necesaria una reflexi\u00f3n sobre la respuesta que damos a las mismas, teniendo en cuenta los principios de<span style=\"color: #288014;\"> equidad<\/span> e <span style=\"color: #288014;\">inclusi\u00f3n<\/span>. Esta respuesta educativa puede ser<em> diversificada y ajustada a las caracter\u00edsticas de cada alumno\/a en un contexto educativo com\u00fan.<\/em><\/p>\n<p>&nbsp;<\/p>\n<p>No podemos cambiar de metodolog\u00eda de un d\u00eda para otro. Por ello, estamos\u00a0 combin\u00e1ndolas .Por un lado, <strong>la<\/strong> <strong>exposici\u00f3n, el trabajo grupal y el\u00a0 trabajo aut\u00f3nomo<\/strong> y por el otro la<strong> <span style=\"color: #288014;\"><u>Metodolog\u00eda de la Inclusi\u00f3n.<\/u><\/span><\/strong><\/p>\n<p>En esa <strong>metodolog\u00eda inclusiva<\/strong> utilizamos:<\/p>\n<ul>\n<li>Dos maestros\/as que conducen la actividad.<\/li>\n<li>Desdobles.<\/li>\n<li>Trabajo en grupos cooperativos.<\/li>\n<li>Talleres de aprendizaje.<\/li>\n<li>Rincones.<\/li>\n<li>Las tecnolog\u00edas de la Comunicaci\u00f3n.<\/li>\n<li>Trabajos por proyectos.<\/li>\n<\/ul>\n","protected":false},"excerpt":{"rendered":"<p>&nbsp; El modelo de ense\u00f1anza basado en las competencias promueve que el aprendizaje eficaz se produce cuando es el propio alumno el que asume la responsabilidad en la organizaci\u00f3n y desarrollo de su propio trabajo acad\u00e9mico. Aceptar este principio supone enfocar necesariamente los procesos de ense\u00f1anza desde una perspectiva diferente, ya que el centro de [&hellip;]<\/p>\n","protected":false},"author":1,"featured_media":0,"parent":0,"menu_order":0,"comment_status":"closed","ping_status":"closed","template":"","meta":{"_genesis_hide_title":false,"_genesis_hide_breadcrumbs":false,"_genesis_hide_singular_image":false,"_genesis_hide_footer_widgets":false,"_genesis_custom_body_class":"","_genesis_custom_post_class":"","_genesis_layout":""},"_links":{"self":[{"href":"https:\/\/cpvirgendelaoliva.educacion.navarra.es\/web\/wp-json\/wp\/v2\/pages\/123"}],"collection":[{"href":"https:\/\/cpvirgendelaoliva.educacion.navarra.es\/web\/wp-json\/wp\/v2\/pages"}],"about":[{"href":"https:\/\/cpvirgendelaoliva.educacion.navarra.es\/web\/wp-json\/wp\/v2\/types\/page"}],"author":[{"embeddable":true,"href":"https:\/\/cpvirgendelaoliva.educacion.navarra.es\/web\/wp-json\/wp\/v2\/users\/1"}],"replies":[{"embeddable":true,"href":"https:\/\/cpvirgendelaoliva.educacion.navarra.es\/web\/wp-json\/wp\/v2\/comments?post=123"}],"version-history":[{"count":3,"href":"https:\/\/cpvirgendelaoliva.educacion.navarra.es\/web\/wp-json\/wp\/v2\/pages\/123\/revisions"}],"predecessor-version":[{"id":194,"href":"https:\/\/cpvirgendelaoliva.educacion.navarra.es\/web\/wp-json\/wp\/v2\/pages\/123\/revisions\/194"}],"wp:attachment":[{"href":"https:\/\/cpvirgendelaoliva.educacion.navarra.es\/web\/wp-json\/wp\/v2\/media?parent=123"}],"curies":[{"name":"wp","href":"https:\/\/api.w.org\/{rel}","templated":true}]}}