{"id":127,"date":"2016-11-19T10:41:33","date_gmt":"2016-11-19T09:41:33","guid":{"rendered":"http:\/\/cpvirgendelaoliva.educacion.navarra.es\/web\/?page_id=127"},"modified":"2023-10-07T13:15:38","modified_gmt":"2023-10-07T11:15:38","slug":"actividades-deportivas","status":"publish","type":"page","link":"https:\/\/cpvirgendelaoliva.educacion.navarra.es\/web\/actividades-deportivas\/","title":{"rendered":"Actividades deportivas"},"content":{"rendered":"<p>Aparte de la materia de Educaci\u00f3n F\u00edsica impartida en el colegio y de los cursillos deportivos de la Zona Media, que llegan a nuestro pueblo en horario extraescolar, las actividades deportivas por excelencia son <strong><span style=\"color: #2d7816;\">\u201cLOS JUEGOS DEL VALLE DEL ARAG\u00d3N\u201d.\u00a0<\/span><\/strong><\/p>\n<p>Durante el presente curso se celebrar\u00e1<strong><span style=\"color: #2d7816;\"> EL \u00bb 50 ANIVERSARIO\u00bb DE ESTOS JUEGOS EN CARCASTILLO.<\/span><\/strong><\/p>\n<p>Repasamos su historia de la mano de<strong><em><span style=\"color: #287012;\"> D. Jos\u00e9 M\u00aa Biurrun<\/span> <\/em><\/strong>(profesor jubilado de nuestro centro).<\/p>\n<h3><span style=\"color: #2d7816;\">ANTECEDENTES<\/span><\/h3>\n<p>En los primeros a\u00f1os de la d\u00e9cada de los 70 y por la precariedad de los medios de comunicaci\u00f3n de entonces, los contactos entre el profesorado del Valle del Arag\u00f3n eran muy escasos.<\/p>\n<p>All\u00ed se constat\u00f3 la necesidad de que el alumnado de los diferentes pueblos confraternizara entre s\u00ed \u00a0incentivando su conocimiento mutuo y antes de verse como antagonista comprendiera que tod@s formaban parte de un ente aglutinador, en este caso el <strong><span style=\"color: #2d7816;\">\u201cValle del Arag\u00f3n\u201d.<\/span><\/strong><\/p>\n<p>Se sonde\u00f3 la posibilidad de reunir el m\u00e1ximo n\u00famero de ni\u00f1@s en un d\u00eda en el curso escolar, en uno de los pueblos, realizar con ell@s algunas actividades integradoras y si la experiencia resultaba positiva ir rotando el lugar de celebraci\u00f3n.<\/p>\n<p>Poco a poco se fue madurando el proyecto, analizando <strong>pros <\/strong>(intercomunicaci\u00f3n, conocimiento entre ell@s, irse realizando como miembros de un ente aglutinador, etc ) <strong>y contras\u00a0<\/strong>( malas infraestructuras y escasas, medios de transporte, imposibilidad de que participase la totalidad de la matr\u00edcula, etc ) .<\/p>\n<p>Se acord\u00f3 comenzar en M\u00e9lida , como prueba, transportar a l@s que se pudiera en autob\u00fas, realizar en el\u00a0 aleda\u00f1o campo de f\u00fatbol unas pruebas de atletismo, repartir entre el alumnado unas escasas golosinas y regresar a sus casas para comer.<\/p>\n<h3><span style=\"color: #2d7816;\">SEDES<\/span><\/h3>\n<p>En la primavera de<strong> <span style=\"color: #2d7816;\">1972<\/span> <\/strong>comenz\u00f3<strong><span style=\"color: #2d7816;\"> M\u00e9lida<\/span><\/strong>. El resultado se valor\u00f3 de muy satisfactorio y se acord\u00f3 seguir con los Juegos.<\/p>\n<p><strong><span style=\"color: #2d7816;\">Carcastillo (1973), Caparroso (1974), Santacara (1975), Murillo (1976), Rada (1977) y Figa<\/span><span style=\"color: #2d7816;\">rol<\/span><\/strong>\u00a0<strong><span style=\"color: #2d7816;\"> empez\u00f3 en la ronda<\/span> <span style=\"color: #2d7816;\">siguiente, en \u00faltimo lugar<\/span><\/strong>. Hoy en d\u00eda se sigue manteniendo el\u00a0 mismo orden.<\/p>\n<h3><span style=\"color: #2d7816;\">PROGRAMA<\/span><\/h3>\n<p>Cada a\u00f1o con sucesivas aportaciones tendentes a su realce pero esquem\u00e1ticamente consiste en:<\/p>\n<ul>\n<li>Reuni\u00f3n en un lugar c\u00e9ntrico de los diferentes colegios con sus letreros identificativos.<\/li>\n<li>Desfile hasta el campo de f\u00fatbol d\u00f3nde se celebrar\u00e1n los distintos actos.<\/li>\n<li>Desarrollo de las pruebas atl\u00e9ticas.<\/li>\n<li>Entrega de premios.<\/li>\n<li>Retorno a los distintos pueblos.<\/li>\n<\/ul>\n<h3><span style=\"color: #2d7816;\">PRUEBAS<\/span><\/h3>\n<p>Se comenz\u00f3 con unas sencillas pruebas de carrera y salto hasta quedar configuradas en tres categor\u00edas:<\/p>\n<ul>\n<li>Del comienzo en EGB (con mayor n\u00famero de alumn@s)<\/li>\n<\/ul>\n<ol>\n<li>BENJAM\u00cdN: 3\u00ba y 4\u00ba (chicos\/chicas)<\/li>\n<li>ALEV\u00cdN: 5\u00ba y 6\u00ba (chicos\/chicas)<\/li>\n<li>INFANTIL: 7\u00ba y 8\u00ba (chicos\/chicas)<\/li>\n<\/ol>\n<ul>\n<li>Cuando comienza la ESO (desciende la matr\u00edcula)<\/li>\n<\/ul>\n<ol>\n<li>PRINCIPIANTES: 1\u00ba y 2\u00ba (chicos\/chicas)<\/li>\n<li>BENJAM\u00cdN: 3\u00ba y 4\u00ba (chicos\/chicas)<\/li>\n<li>ALEV\u00cdN: 5\u00ba y 6\u00ba (chicos\/chicas)<\/li>\n<\/ol>\n<ul>\n<li>Velocidad individual (40 Y 60m) seg\u00fan categor\u00eda.<\/li>\n<li>Relevos (4&#215;60)<\/li>\n<li>Salto de longitud<\/li>\n<li>Salto de altura<\/li>\n<li>Lanzamiento de peso<\/li>\n<li>Fondo (recorrido progresivo seg\u00fan categor\u00edas)<\/li>\n<\/ul>\n<h3><span style=\"color: #2d7816;\">PREMIOS<\/span><\/h3>\n<p>A l@s ganador@s se comenz\u00f3 premiando con unas escasas chucher\u00edas los primeros a\u00f1os y posteriormente se consiguieron ayudas de instituciones bancarias, industrias locales, comercios y sobre todo ayuntamientos y concejos y ya se dispuso de copas, medallas, personal municipal para ayudar al profesorado en la habilitaci\u00f3n de los campos de f\u00fatbol como pistas de atletismo.<\/p>\n<p>Al principio se valoraba cada prueba, se sumaban los puntos de cada pueblo y se proclamaba un triunfador que recib\u00eda una hermosa copa donada por editoriales.<\/p>\n<p>A finales de los 80 se consider\u00f3 que esta puntuaci\u00f3n por pueblos no era lo ideal para los objetivos propuestos, dada la diferencia de matriculaci\u00f3n en los distintos colegios que discriminaba a los de menos n\u00famero\u00a0 y se suprimi\u00f3 esa valoraci\u00f3n dejando solamente como premio las medallas de oro, plata y bronce a los tres primer@s de cada una, individual o en equipos de relevos con premio tambi\u00e9n individual.<\/p>\n<p>Con esta medida se consigui\u00f3 evitar discusiones y rivalidades est\u00e9riles.<\/p>\n<h3><span style=\"color: #2d7816;\">BANDERA<\/span><\/h3>\n<p>El tercero o el cuarto a\u00f1o de su celebraci\u00f3n se estren\u00f3 una<span style=\"color: #2d7816;\"><em> bandera ol\u00edmpica ricamente bordada y personalizada con los escudos<\/em> <em>de los siete pueblos de procedencia de los colegio<\/em><\/span>s. Esta bandera que encabeza los desfiles de atletas y preside los juegos la realiz\u00f3 y don\u00f3 un religioso de Santacara en Chile a qui\u00e9n hay que agradecer este obsequio que dignific\u00f3 m\u00e1s nuestros juegos.<\/p>\n<h3><span style=\"color: #2d7816;\">ALUMNADO<\/span><\/h3>\n<p>Durante el desarrollo de las pruebas el alumnado de los distintos colegios se relacionan con el de los otros, consumen los almuerzos, degustan refrescos y l\u00e1cteos, obsequio de casas proveedoras y preparados por las APYMAS del n\u00facleo organizador, animan a los suy@s, se fotograf\u00edan y pasan la ma\u00f1ana hasta que, tras las \u00faltimas pruebas y el traspaso de bandera al siguiente pueblo organizador, toman los autobuses que les devolver\u00e1n a sus pueblos respectivos,.<\/p>\n<p>Hubo un a\u00f1o en que se quedaron l@s que desearon para comer junt@s, pero la climatolog\u00eda (calor excesivo) no acompa\u00f1\u00f3.<\/p>\n<h3><span style=\"color: #2d7816;\">PROFESORADO<\/span><\/h3>\n<p>El profesorado tambi\u00e9n se relaciona con sus vecin@s, dirigen las diferentes pruebas, preparan a los atletas y cuidan de la integridad f\u00edsica de los peque\u00f1@s.<\/p>\n<p>A media ma\u00f1ana consumen un bocadillo intercambiando experiencias y, tras la finalizaci\u00f3n y embarcar a l@s ni\u00f1@s para sus destinos, comparten (l@s que lo desean) una comida de hermandad.<\/p>\n<h3><span style=\"color: #2d7816;\">VALORACI\u00d3N<\/span><\/h3>\n<p>Creemos que estos juegos interescolares fueron<strong><span style=\"color: #2d7816;\"><em> los primeros que se llevaron a cabo en Navarra<\/em><\/span><\/strong>, teniendo posteriormente bastantes imitadores.<\/p>\n<p>Participan en las pruebas unos 300 alumn@s adem\u00e1s de padres, familiares y compa\u00f1er@s que l@s acompa\u00f1an.<\/p>\n<p>Adem\u00e1s, durante esa jornada, nos visita alg\u00fan coordinador de atletismo de la Zona Media. A los ni\u00f1os\/as con buenas capacidades para el deporte los invitan a formarse en su escuela de atletismo de Tafalla. El deporte tambi\u00e9n les abre otras v\u00edas para encarar el futuro.<\/p>\n<p>La valoraci\u00f3n ha sido, hasta el presente, muy positiva y ha contribuido al acercamiento entre los ni\u00f1@s de diversos pueblos, que facilita las posteriores relaciones en su siguiente etapa acad\u00e9mica.<\/p>\n","protected":false},"excerpt":{"rendered":"<p>Aparte de la materia de Educaci\u00f3n F\u00edsica impartida en el colegio y de los cursillos deportivos de la Zona Media, que llegan a nuestro pueblo en horario extraescolar, las actividades deportivas por excelencia son \u201cLOS JUEGOS DEL VALLE DEL ARAG\u00d3N\u201d.\u00a0 Durante el presente curso se celebrar\u00e1 EL \u00bb 50 ANIVERSARIO\u00bb DE ESTOS JUEGOS EN CARCASTILLO. [&hellip;]<\/p>\n","protected":false},"author":1,"featured_media":0,"parent":0,"menu_order":0,"comment_status":"closed","ping_status":"closed","template":"","meta":{"_genesis_hide_title":false,"_genesis_hide_breadcrumbs":false,"_genesis_hide_singular_image":false,"_genesis_hide_footer_widgets":false,"_genesis_custom_body_class":"","_genesis_custom_post_class":"","_genesis_layout":""},"_links":{"self":[{"href":"https:\/\/cpvirgendelaoliva.educacion.navarra.es\/web\/wp-json\/wp\/v2\/pages\/127"}],"collection":[{"href":"https:\/\/cpvirgendelaoliva.educacion.navarra.es\/web\/wp-json\/wp\/v2\/pages"}],"about":[{"href":"https:\/\/cpvirgendelaoliva.educacion.navarra.es\/web\/wp-json\/wp\/v2\/types\/page"}],"author":[{"embeddable":true,"href":"https:\/\/cpvirgendelaoliva.educacion.navarra.es\/web\/wp-json\/wp\/v2\/users\/1"}],"replies":[{"embeddable":true,"href":"https:\/\/cpvirgendelaoliva.educacion.navarra.es\/web\/wp-json\/wp\/v2\/comments?post=127"}],"version-history":[{"count":9,"href":"https:\/\/cpvirgendelaoliva.educacion.navarra.es\/web\/wp-json\/wp\/v2\/pages\/127\/revisions"}],"predecessor-version":[{"id":2419,"href":"https:\/\/cpvirgendelaoliva.educacion.navarra.es\/web\/wp-json\/wp\/v2\/pages\/127\/revisions\/2419"}],"wp:attachment":[{"href":"https:\/\/cpvirgendelaoliva.educacion.navarra.es\/web\/wp-json\/wp\/v2\/media?parent=127"}],"curies":[{"name":"wp","href":"https:\/\/api.w.org\/{rel}","templated":true}]}}