{"id":129,"date":"2016-11-19T10:46:01","date_gmt":"2016-11-19T09:46:01","guid":{"rendered":"http:\/\/cpvirgendelaoliva.educacion.navarra.es\/web\/?page_id=129"},"modified":"2025-10-13T15:04:01","modified_gmt":"2025-10-13T13:04:01","slug":"documentos-de-interes","status":"publish","type":"page","link":"https:\/\/cpvirgendelaoliva.educacion.navarra.es\/web\/documentos-de-interes\/","title":{"rendered":"SECRETAR\u00cdA"},"content":{"rendered":"<p>El centro cuenta con una administrativa tres horas y media al d\u00eda y con una secretaria que a su vez es profesora tutora de Educaci\u00f3n Infantil.<\/p>\n<div class=\"gmail_default\">\n<p>El horario de la administrativa es el siguiente:<\/p>\n<p><strong>LUNES: 07:30 \u2013 11:00<\/strong><\/p>\n<p><strong>MARTES: 7:30 \u2013 11:00<\/strong><\/p>\n<p><strong>MI\u00c9RCOLES: 11:30 \u2013 14:45<\/strong><\/p>\n<p><strong>JUEVES: 07:30 \u2013 11:00<\/strong><\/p>\n<p><strong>VIERNES: 11:30 \u2013 14:30<\/strong><\/p>\n<h3><span style=\"color: #ff0000;\">Preinscripciones para el nuevo curso 2026-2027<\/span><\/h3>\n<\/div>\n<div class=\"gmail_default\">\n<p>Las fechas para las\u00a0preinscripciones\u00a0y posterior matriculaci\u00f3n son determinadas por el Departamento de Educaci\u00f3n.<\/p>\n<p>El plazo de<em><strong>\u00a0preinscripci\u00f3n<\/strong><\/em>\u00a0del\u00a0 alumnado\u00a0 para el<strong> curso 2026-2027<\/strong>, para la escolarizaci\u00f3n de los<strong> ni\u00f1os nacidos en 2023<\/strong>, todav\u00eda no est\u00e1 estipulado<em><strong>.<\/strong><\/em><\/p>\n<\/div>\n<p>El tel\u00e9fono del centro <strong>948 633502<\/strong> est\u00e1 disponible desde las 09:00 am. Y el correo del centro es: <a href=\"mailto:cpcarcas@educacion.navarra.es\" target=\"_blank\" rel=\"noopener\">cpcarcas@educacion.navarra.es<\/a><\/p>\n<p>Quedamos a su disposici\u00f3n para cuantas consultas o aclaraciones crean oportunas.<\/p>\n<p>\u00a0<\/p>\n<p style=\"text-align: center;\">\u00a0<\/p>\n<p style=\"text-align: center;\">\u00a0<\/p>\n<p style=\"text-align: center;\">\u00a0<\/p>\n<h3>\u00a0<\/h3>\n\n\n<p><\/p>\n","protected":false},"excerpt":{"rendered":"<p>El centro cuenta con una administrativa tres horas y media al d\u00eda y con una secretaria que a su vez es profesora tutora de Educaci\u00f3n Infantil. El horario de la administrativa es el siguiente: LUNES: 07:30 \u2013 11:00 MARTES: 7:30 \u2013 11:00 MI\u00c9RCOLES: 11:30 \u2013 14:45 JUEVES: 07:30 \u2013 11:00 VIERNES: 11:30 \u2013 14:30 Preinscripciones [&hellip;]<\/p>\n","protected":false},"author":1,"featured_media":0,"parent":0,"menu_order":0,"comment_status":"closed","ping_status":"closed","template":"","meta":{"_genesis_hide_title":false,"_genesis_hide_breadcrumbs":false,"_genesis_hide_singular_image":false,"_genesis_hide_footer_widgets":false,"_genesis_custom_body_class":"","_genesis_custom_post_class":"","_genesis_layout":""},"_links":{"self":[{"href":"https:\/\/cpvirgendelaoliva.educacion.navarra.es\/web\/wp-json\/wp\/v2\/pages\/129"}],"collection":[{"href":"https:\/\/cpvirgendelaoliva.educacion.navarra.es\/web\/wp-json\/wp\/v2\/pages"}],"about":[{"href":"https:\/\/cpvirgendelaoliva.educacion.navarra.es\/web\/wp-json\/wp\/v2\/types\/page"}],"author":[{"embeddable":true,"href":"https:\/\/cpvirgendelaoliva.educacion.navarra.es\/web\/wp-json\/wp\/v2\/users\/1"}],"replies":[{"embeddable":true,"href":"https:\/\/cpvirgendelaoliva.educacion.navarra.es\/web\/wp-json\/wp\/v2\/comments?post=129"}],"version-history":[{"count":48,"href":"https:\/\/cpvirgendelaoliva.educacion.navarra.es\/web\/wp-json\/wp\/v2\/pages\/129\/revisions"}],"predecessor-version":[{"id":2898,"href":"https:\/\/cpvirgendelaoliva.educacion.navarra.es\/web\/wp-json\/wp\/v2\/pages\/129\/revisions\/2898"}],"wp:attachment":[{"href":"https:\/\/cpvirgendelaoliva.educacion.navarra.es\/web\/wp-json\/wp\/v2\/media?parent=129"}],"curies":[{"name":"wp","href":"https:\/\/api.w.org\/{rel}","templated":true}]}}