{"id":155,"date":"2016-11-19T11:00:23","date_gmt":"2016-11-19T10:00:23","guid":{"rendered":"http:\/\/cpvirgendelaoliva.educacion.navarra.es\/web\/?page_id=155"},"modified":"2016-12-24T17:02:55","modified_gmt":"2016-12-24T16:02:55","slug":"logopeda","status":"publish","type":"page","link":"https:\/\/cpvirgendelaoliva.educacion.navarra.es\/web\/logopeda\/","title":{"rendered":"Logopeda"},"content":{"rendered":"<p>La logopedia se centra en la reeducaci\u00f3n de los trastornos innatos o adquiridos del lenguaje en ni\u00f1o\/as o adultos, comprendiendo tanto los aspectos relativos al lenguaje oral como escrito.\u00a0La logopedia, por tanto, se dedica al diagn\u00f3stico, prevenci\u00f3n y tratamiento de las alteraciones del habla\u00a0y del lenguaje (hablado o escrito, tanto en comprensi\u00f3n como en expresi\u00f3n).<\/p>\n<p>Su actuaci\u00f3n se desarrolla en varios entornos: el educativo, el ling\u00fc\u00edstico, el conductual, el cl\u00ednico, etc. El\/La logopeda es un profesional que:<\/p>\n<ol>\n<li>Dispone de un caudal de conocimientos pertinentes a los des\u00f3rdenes del habla y del lenguaje.<\/li>\n<li>Est\u00e1 entrenado en la aplicaci\u00f3n de dichos conocimientos a la soluci\u00f3n de problemas cl\u00ednicos.<\/li>\n<li>Tiene una autoridad referida a la ayuda del ni\u00f1o\/a que consiste en comprender y tratar sus problemas de habla y lenguaje.<\/li>\n<\/ol>\n<p>Y adem\u00e1s,\u00a0el\/la logopeda eval\u00faa posibles\u00a0<a href=\"http:\/\/www.guiainfantil.com\/educacion\/logopedia\/dislexia.htm\">dislexias<\/a>, discalculias\u00a0(problemas para la adquisici\u00f3n de los conceptos b\u00e1sicos matem\u00e1ticos y el c\u00e1lculo) o\u00a0disgraf\u00edas\u00a0(escritura defectuosa sin causa neurol\u00f3gica o intelectual que lo justifique). En muchas ocasiones, ciertas dificultades escolares como la falta de comprensi\u00f3n lectora est\u00e1 relacionada con alguno de estos factores.<\/p>\n","protected":false},"excerpt":{"rendered":"<p>La logopedia se centra en la reeducaci\u00f3n de los trastornos innatos o adquiridos del lenguaje en ni\u00f1o\/as o adultos, comprendiendo tanto los aspectos relativos al lenguaje oral como escrito.\u00a0La logopedia, por tanto, se dedica al diagn\u00f3stico, prevenci\u00f3n y tratamiento de las alteraciones del habla\u00a0y del lenguaje (hablado o escrito, tanto en comprensi\u00f3n como en expresi\u00f3n). [&hellip;]<\/p>\n","protected":false},"author":1,"featured_media":0,"parent":0,"menu_order":0,"comment_status":"closed","ping_status":"closed","template":"","meta":{"_genesis_hide_title":false,"_genesis_hide_breadcrumbs":false,"_genesis_hide_singular_image":false,"_genesis_hide_footer_widgets":false,"_genesis_custom_body_class":"","_genesis_custom_post_class":"","_genesis_layout":""},"_links":{"self":[{"href":"https:\/\/cpvirgendelaoliva.educacion.navarra.es\/web\/wp-json\/wp\/v2\/pages\/155"}],"collection":[{"href":"https:\/\/cpvirgendelaoliva.educacion.navarra.es\/web\/wp-json\/wp\/v2\/pages"}],"about":[{"href":"https:\/\/cpvirgendelaoliva.educacion.navarra.es\/web\/wp-json\/wp\/v2\/types\/page"}],"author":[{"embeddable":true,"href":"https:\/\/cpvirgendelaoliva.educacion.navarra.es\/web\/wp-json\/wp\/v2\/users\/1"}],"replies":[{"embeddable":true,"href":"https:\/\/cpvirgendelaoliva.educacion.navarra.es\/web\/wp-json\/wp\/v2\/comments?post=155"}],"version-history":[{"count":3,"href":"https:\/\/cpvirgendelaoliva.educacion.navarra.es\/web\/wp-json\/wp\/v2\/pages\/155\/revisions"}],"predecessor-version":[{"id":185,"href":"https:\/\/cpvirgendelaoliva.educacion.navarra.es\/web\/wp-json\/wp\/v2\/pages\/155\/revisions\/185"}],"wp:attachment":[{"href":"https:\/\/cpvirgendelaoliva.educacion.navarra.es\/web\/wp-json\/wp\/v2\/media?parent=155"}],"curies":[{"name":"wp","href":"https:\/\/api.w.org\/{rel}","templated":true}]}}