{"id":157,"date":"2016-11-19T11:00:37","date_gmt":"2016-11-19T10:00:37","guid":{"rendered":"http:\/\/cpvirgendelaoliva.educacion.navarra.es\/web\/?page_id=157"},"modified":"2024-10-29T12:10:41","modified_gmt":"2024-10-29T11:10:41","slug":"pt","status":"publish","type":"page","link":"https:\/\/cpvirgendelaoliva.educacion.navarra.es\/web\/pt\/","title":{"rendered":"PT"},"content":{"rendered":"<p>El profesor\/a de<span style=\"color: #289914;\">\u00a0 Pedagog\u00eda Terap\u00e9utica (PT)<\/span> es un maestro\/a especializado en <span style=\"color: #289914;\">Educaci\u00f3n Especial<\/span>. Su finalidad primordial es <span style=\"color: #289914;\">propiciar la integraci\u00f3n e inclusi\u00f3n del alumnado con necesidad espec\u00edfica de apoyo educativo<\/span>, mediante:<\/p>\n<ul>\n<li>La atenci\u00f3n preferente y directa.<\/li>\n<\/ul>\n<ul>\n<li>El asesoramiento en materiales curriculares adaptados a este alumnado.<\/li>\n<\/ul>\n<ul>\n<li>El consejo y apoyo al profesorado y familias del centro.<\/li>\n<\/ul>\n<ul>\n<li>Participaci\u00f3n en las reuniones donde se aborden temas relacionados con los alumnos con n.e.e. que atiende, informando del seguimiento y aplicaci\u00f3n de la labor desarrollada.<\/li>\n<\/ul>\n<ul>\n<li>Afianzamiento y desarrollo de las capacidades del alumnado con n.e.e. en los aspectos f\u00edsicos, afectivos, cognitivos y comunicativos, promoviendo el mayor grado posible de autonom\u00eda personal y de integraci\u00f3n social.<\/li>\n<\/ul>\n<ul>\n<li>Colaborar en las tareas y decisiones asignadas e la UAE y CCP.<\/li>\n<\/ul>\n","protected":false},"excerpt":{"rendered":"<p>El profesor\/a de\u00a0 Pedagog\u00eda Terap\u00e9utica (PT) es un maestro\/a especializado en Educaci\u00f3n Especial. Su finalidad primordial es propiciar la integraci\u00f3n e inclusi\u00f3n del alumnado con necesidad espec\u00edfica de apoyo educativo, mediante: La atenci\u00f3n preferente y directa. El asesoramiento en materiales curriculares adaptados a este alumnado. El consejo y apoyo al profesorado y familias del centro. [&hellip;]<\/p>\n","protected":false},"author":1,"featured_media":0,"parent":0,"menu_order":0,"comment_status":"closed","ping_status":"closed","template":"","meta":{"_genesis_hide_title":false,"_genesis_hide_breadcrumbs":false,"_genesis_hide_singular_image":false,"_genesis_hide_footer_widgets":false,"_genesis_custom_body_class":"","_genesis_custom_post_class":"","_genesis_layout":""},"_links":{"self":[{"href":"https:\/\/cpvirgendelaoliva.educacion.navarra.es\/web\/wp-json\/wp\/v2\/pages\/157"}],"collection":[{"href":"https:\/\/cpvirgendelaoliva.educacion.navarra.es\/web\/wp-json\/wp\/v2\/pages"}],"about":[{"href":"https:\/\/cpvirgendelaoliva.educacion.navarra.es\/web\/wp-json\/wp\/v2\/types\/page"}],"author":[{"embeddable":true,"href":"https:\/\/cpvirgendelaoliva.educacion.navarra.es\/web\/wp-json\/wp\/v2\/users\/1"}],"replies":[{"embeddable":true,"href":"https:\/\/cpvirgendelaoliva.educacion.navarra.es\/web\/wp-json\/wp\/v2\/comments?post=157"}],"version-history":[{"count":4,"href":"https:\/\/cpvirgendelaoliva.educacion.navarra.es\/web\/wp-json\/wp\/v2\/pages\/157\/revisions"}],"predecessor-version":[{"id":2747,"href":"https:\/\/cpvirgendelaoliva.educacion.navarra.es\/web\/wp-json\/wp\/v2\/pages\/157\/revisions\/2747"}],"wp:attachment":[{"href":"https:\/\/cpvirgendelaoliva.educacion.navarra.es\/web\/wp-json\/wp\/v2\/media?parent=157"}],"curies":[{"name":"wp","href":"https:\/\/api.w.org\/{rel}","templated":true}]}}