{"id":159,"date":"2016-11-19T11:00:49","date_gmt":"2016-11-19T10:00:49","guid":{"rendered":"http:\/\/cpvirgendelaoliva.educacion.navarra.es\/web\/?page_id=159"},"modified":"2024-10-29T12:09:44","modified_gmt":"2024-10-29T11:09:44","slug":"cuidadora","status":"publish","type":"page","link":"https:\/\/cpvirgendelaoliva.educacion.navarra.es\/web\/cuidadora\/","title":{"rendered":"A. T. E."},"content":{"rendered":"<p>Nuestro centro dispone a jornada completa de un\/ una<span style=\"color: #28ba1e;\"> Auxiliar T\u00e9cnico Educativo.<\/span><\/p>\n<h3><span style=\"color: #28ba1e;\"><strong><em>FUNCIONES ESPEC\u00cdFICAS DE LOS \/LAS A.T.E<\/em>.<\/strong>\u00a0<\/span>(Auxiliares T\u00e9cnicos Educativos)<br \/>\nSus funciones, por su car\u00e1cter de trabajador t\u00e9cnico, tendr\u00e1n car\u00e1cter educativo y asistencial, participando y desarrollando las siguientes funciones:<\/h3>\n<ul>\n<li>Colaborar en el dise\u00f1o y ejecuci\u00f3n de programas de autonom\u00eda personal con los profesionales correspondientes programas de h\u00e1bitos b\u00e1sicos, alimentaci\u00f3n, vestido y control de esf\u00ednteres.<\/li>\n<\/ul>\n<ul>\n<li>Colaborar en los traslados del alumnado que lo precise, en los cambios de actividad, entradas y salidas al centro, con el objetivo de fomentar el desplazamiento aut\u00f3nomo del alumnado.<\/li>\n<\/ul>\n<ul>\n<li>Colaborar de manera activa en la atenci\u00f3n, vigilancia y cuidado de estos alumnos\/as en los per\u00edodos de recreo y descanso, procurando una adecuada relaci\u00f3n con el resto.<\/li>\n<\/ul>\n<ul>\n<li>En funci\u00f3n del car\u00e1cter educativo del comedor escolar, desarrollar las t\u00e9cnicas necesarias para la adquisici\u00f3n de h\u00e1bitos y destrezas alimentarias facilitando los mecanismos necesarios.<\/li>\n<\/ul>\n<ul>\n<li>Colaborar en las salidas, excursiones o fiestas, programadas en la PGA que afecten al alumnado con n.e.e.<\/li>\n<\/ul>\n<ul>\n<li>Acompa\u00f1amiento en la ruta escolar, de aquellos alumnos\/as de n.e.e., que por sus caracter\u00edsticas de no autonom\u00eda precisen la presencia de un ATE. Esta medida ser\u00e1 de aplicaci\u00f3n en aquellos centros donde se desarrolla ahora el transporte hasta el desarrollo definitivo de la ley del transporte.<\/li>\n<\/ul>\n<ul>\n<li>Colaborar en el desarrollo de los programas de autonom\u00eda social, vinculados a h\u00e1bitos de conducta y comunicativos del alumno con n.e.e. en per\u00edodos de recreo, comedor.<\/li>\n<\/ul>\n<ul>\n<li>Participaci\u00f3n en las reuniones donde se aborden temas relacionados con el alumnado con n.e.e. que atiende, informando del seguimiento y aplicaci\u00f3n de la labor desarrollada.<\/li>\n<\/ul>\n<ul>\n<li>Afianzamiento y desarrollo de las capacidades del alumnado con n.e.e. en los aspectos f\u00edsicos, afectivos, cognitivos y comunicativos, promoviendo el mayor grado posible de autonom\u00eda personal y de integraci\u00f3n social<\/li>\n<\/ul>\n","protected":false},"excerpt":{"rendered":"<p>Nuestro centro dispone a jornada completa de un\/ una Auxiliar T\u00e9cnico Educativo. FUNCIONES ESPEC\u00cdFICAS DE LOS \/LAS A.T.E.\u00a0(Auxiliares T\u00e9cnicos Educativos) Sus funciones, por su car\u00e1cter de trabajador t\u00e9cnico, tendr\u00e1n car\u00e1cter educativo y asistencial, participando y desarrollando las siguientes funciones: Colaborar en el dise\u00f1o y ejecuci\u00f3n de programas de autonom\u00eda personal con los profesionales correspondientes programas [&hellip;]<\/p>\n","protected":false},"author":1,"featured_media":0,"parent":0,"menu_order":0,"comment_status":"closed","ping_status":"closed","template":"","meta":{"_genesis_hide_title":false,"_genesis_hide_breadcrumbs":false,"_genesis_hide_singular_image":false,"_genesis_hide_footer_widgets":false,"_genesis_custom_body_class":"","_genesis_custom_post_class":"","_genesis_layout":""},"_links":{"self":[{"href":"https:\/\/cpvirgendelaoliva.educacion.navarra.es\/web\/wp-json\/wp\/v2\/pages\/159"}],"collection":[{"href":"https:\/\/cpvirgendelaoliva.educacion.navarra.es\/web\/wp-json\/wp\/v2\/pages"}],"about":[{"href":"https:\/\/cpvirgendelaoliva.educacion.navarra.es\/web\/wp-json\/wp\/v2\/types\/page"}],"author":[{"embeddable":true,"href":"https:\/\/cpvirgendelaoliva.educacion.navarra.es\/web\/wp-json\/wp\/v2\/users\/1"}],"replies":[{"embeddable":true,"href":"https:\/\/cpvirgendelaoliva.educacion.navarra.es\/web\/wp-json\/wp\/v2\/comments?post=159"}],"version-history":[{"count":3,"href":"https:\/\/cpvirgendelaoliva.educacion.navarra.es\/web\/wp-json\/wp\/v2\/pages\/159\/revisions"}],"predecessor-version":[{"id":2746,"href":"https:\/\/cpvirgendelaoliva.educacion.navarra.es\/web\/wp-json\/wp\/v2\/pages\/159\/revisions\/2746"}],"wp:attachment":[{"href":"https:\/\/cpvirgendelaoliva.educacion.navarra.es\/web\/wp-json\/wp\/v2\/media?parent=159"}],"curies":[{"name":"wp","href":"https:\/\/api.w.org\/{rel}","templated":true}]}}