{"id":39,"date":"2016-11-13T18:23:49","date_gmt":"2016-11-13T17:23:49","guid":{"rendered":"http:\/\/cpvirgendelaoliva.educacion.navarra.es\/web\/?page_id=39"},"modified":"2023-10-07T12:22:17","modified_gmt":"2023-10-07T10:22:17","slug":"historia","status":"publish","type":"page","link":"https:\/\/cpvirgendelaoliva.educacion.navarra.es\/web\/historia\/","title":{"rendered":"Historia"},"content":{"rendered":"<p>El Colegio P\u00fablico \u201cVirgen de la Oliva\u201d de Carcastillo est\u00e1 ubicado en el centro del n\u00facleo urbano, en la carretera de Aibar.<\/p>\n<p>Est\u00e1 en el extremo de un complejo deportivo de Administraci\u00f3n Municipal que comprende: campo de f\u00fatbol con c\u00e9sped, piscinas, front\u00f3n y polideportivo.<\/p>\n<p>Se construy\u00f3 en siete fases:<\/p>\n<ol>\n<li>Originalmente, en el a\u00f1o 1966, se construy\u00f3 un edificio de seis aulas y sal\u00f3n de actos (\u00e9ste costeado por el M.I. Ayuntamiento).<\/li>\n<\/ol>\n<ol start=\"2\">\n<li>A mediados de los setenta se ampli\u00f3 con seis nuevas aulas en el edificio adyacente, paralelo a la carretera.<\/li>\n<\/ol>\n<ol start=\"3\">\n<li>En el a\u00f1o 1983 se remodel\u00f3 parte de lo construido anteriormente y se ampli\u00f3 hasta totalizar 16 aulas y dependencias exigidas por la vigente Ley de Educaci\u00f3n.<\/li>\n<\/ol>\n<ol start=\"4\">\n<li>En los a\u00f1os 1995 y 1996, para dar cabida a la Ense\u00f1anza Secundaria, se acometieron obras de ampliaci\u00f3n que supusieron la reorganizaci\u00f3n de espacios entre Infantil , Primaria y Secundaria, pasando algunos a ser compartidos (Biblioteca, Pretecnolog\u00eda, Laboratorio, M\u00fasica, Inform\u00e1tica y Sal\u00f3n de Actos que los del IESO utilizaban tambi\u00e9n como comedor escolar).<\/li>\n<\/ol>\n<ol start=\"5\">\n<li>En 1996 se acomete una nueva ampliaci\u00f3n. El Colegio queda con dos plantas completas que dan a la carretera y sigue con los espacios compartidos con el Instituto que se citan en el punto 4.<\/li>\n<\/ol>\n<ol start=\"6\">\n<li>Tambi\u00e9n debe se\u00f1alarse que en el a\u00f1o 1991 se construy\u00f3 en el patio escolar y con solicitud mancomunada al Gobierno de Navarra, un pabell\u00f3n polideportivo cubierto, que es empleado para las clases de Educaci\u00f3n F\u00edsica.<\/li>\n<\/ol>\n<ol start=\"7\">\n<li>En el curso 2008-09 se realiz\u00f3 la \u00faltima ampliaci\u00f3n del IESO. Con esta obra los dos centros quedaron pr\u00e1cticamente independientes. Se sigue compartiendo el aula de M\u00fasica, Laboratorio, Polideportivo, Sal\u00f3n de Actos y Patio.<\/li>\n<\/ol>\n<p>El Colegio comenz\u00f3 su andadura como Centro de EGB y al ponerse en marcha una nueva ley de educaci\u00f3n, en septiembre de 1995, pas\u00f3 a ser centro de Educaci\u00f3n Infantil y Primaria.<br \/>\nAl acabar la etapa de Educaci\u00f3n Primaria, nuestro alumnado pasa a cursar sus estudios al IESO Valle del Arag\u00f3n.<\/p>\n","protected":false},"excerpt":{"rendered":"<p>El Colegio P\u00fablico \u201cVirgen de la Oliva\u201d de Carcastillo est\u00e1 ubicado en el centro del n\u00facleo urbano, en la carretera de Aibar. Est\u00e1 en el extremo de un complejo deportivo de Administraci\u00f3n Municipal que comprende: campo de f\u00fatbol con c\u00e9sped, piscinas, front\u00f3n y polideportivo. Se construy\u00f3 en siete fases: Originalmente, en el a\u00f1o 1966, se [&hellip;]<\/p>\n","protected":false},"author":1,"featured_media":0,"parent":0,"menu_order":0,"comment_status":"closed","ping_status":"closed","template":"","meta":{"_genesis_hide_title":false,"_genesis_hide_breadcrumbs":false,"_genesis_hide_singular_image":false,"_genesis_hide_footer_widgets":false,"_genesis_custom_body_class":"","_genesis_custom_post_class":"","_genesis_layout":""},"_links":{"self":[{"href":"https:\/\/cpvirgendelaoliva.educacion.navarra.es\/web\/wp-json\/wp\/v2\/pages\/39"}],"collection":[{"href":"https:\/\/cpvirgendelaoliva.educacion.navarra.es\/web\/wp-json\/wp\/v2\/pages"}],"about":[{"href":"https:\/\/cpvirgendelaoliva.educacion.navarra.es\/web\/wp-json\/wp\/v2\/types\/page"}],"author":[{"embeddable":true,"href":"https:\/\/cpvirgendelaoliva.educacion.navarra.es\/web\/wp-json\/wp\/v2\/users\/1"}],"replies":[{"embeddable":true,"href":"https:\/\/cpvirgendelaoliva.educacion.navarra.es\/web\/wp-json\/wp\/v2\/comments?post=39"}],"version-history":[{"count":3,"href":"https:\/\/cpvirgendelaoliva.educacion.navarra.es\/web\/wp-json\/wp\/v2\/pages\/39\/revisions"}],"predecessor-version":[{"id":2405,"href":"https:\/\/cpvirgendelaoliva.educacion.navarra.es\/web\/wp-json\/wp\/v2\/pages\/39\/revisions\/2405"}],"wp:attachment":[{"href":"https:\/\/cpvirgendelaoliva.educacion.navarra.es\/web\/wp-json\/wp\/v2\/media?parent=39"}],"curies":[{"name":"wp","href":"https:\/\/api.w.org\/{rel}","templated":true}]}}