{"id":92,"date":"2016-11-19T10:32:26","date_gmt":"2016-11-19T09:32:26","guid":{"rendered":"http:\/\/cpvirgendelaoliva.educacion.navarra.es\/web\/?page_id=92"},"modified":"2025-10-13T14:20:08","modified_gmt":"2025-10-13T12:20:08","slug":"alumnado","status":"publish","type":"page","link":"https:\/\/cpvirgendelaoliva.educacion.navarra.es\/web\/alumnado\/","title":{"rendered":"Alumnado"},"content":{"rendered":"<p>El alumnado matriculado para el curso 2025-2026 es de <strong><span style=\"color: #287a0a;\">203.<\/span><\/strong><\/p>\n<p>Para el presente curso se cuenta con 5 <span style=\"color: #287a0a;\"><strong>grupos de Educaci\u00f3n Infantil<\/strong> <\/span> (est\u00e1 desdoblado 4 y 5 a\u00f1os) y 8 <span style=\"color: #287a0a;\"><strong>grupos de Educaci\u00f3n Primaria<\/strong><\/span> (est\u00e1 desdoblado 3\u00ba y 4\u00ba).<\/p>\n\n\n<p><\/p>\n","protected":false},"excerpt":{"rendered":"<p>El alumnado matriculado para el curso 2025-2026 es de 203. Para el presente curso se cuenta con 5 grupos de Educaci\u00f3n Infantil (est\u00e1 desdoblado 4 y 5 a\u00f1os) y 8 grupos de Educaci\u00f3n Primaria (est\u00e1 desdoblado 3\u00ba y 4\u00ba).<\/p>\n","protected":false},"author":1,"featured_media":0,"parent":0,"menu_order":0,"comment_status":"closed","ping_status":"closed","template":"","meta":{"_genesis_hide_title":false,"_genesis_hide_breadcrumbs":false,"_genesis_hide_singular_image":false,"_genesis_hide_footer_widgets":false,"_genesis_custom_body_class":"","_genesis_custom_post_class":"","_genesis_layout":""},"_links":{"self":[{"href":"https:\/\/cpvirgendelaoliva.educacion.navarra.es\/web\/wp-json\/wp\/v2\/pages\/92"}],"collection":[{"href":"https:\/\/cpvirgendelaoliva.educacion.navarra.es\/web\/wp-json\/wp\/v2\/pages"}],"about":[{"href":"https:\/\/cpvirgendelaoliva.educacion.navarra.es\/web\/wp-json\/wp\/v2\/types\/page"}],"author":[{"embeddable":true,"href":"https:\/\/cpvirgendelaoliva.educacion.navarra.es\/web\/wp-json\/wp\/v2\/users\/1"}],"replies":[{"embeddable":true,"href":"https:\/\/cpvirgendelaoliva.educacion.navarra.es\/web\/wp-json\/wp\/v2\/comments?post=92"}],"version-history":[{"count":13,"href":"https:\/\/cpvirgendelaoliva.educacion.navarra.es\/web\/wp-json\/wp\/v2\/pages\/92\/revisions"}],"predecessor-version":[{"id":2897,"href":"https:\/\/cpvirgendelaoliva.educacion.navarra.es\/web\/wp-json\/wp\/v2\/pages\/92\/revisions\/2897"}],"wp:attachment":[{"href":"https:\/\/cpvirgendelaoliva.educacion.navarra.es\/web\/wp-json\/wp\/v2\/media?parent=92"}],"curies":[{"name":"wp","href":"https:\/\/api.w.org\/{rel}","templated":true}]}}