{"id":94,"date":"2016-11-19T10:32:47","date_gmt":"2016-11-19T09:32:47","guid":{"rendered":"http:\/\/cpvirgendelaoliva.educacion.navarra.es\/web\/?page_id=94"},"modified":"2024-10-29T12:05:05","modified_gmt":"2024-10-29T11:05:05","slug":"apyma","status":"publish","type":"page","link":"https:\/\/cpvirgendelaoliva.educacion.navarra.es\/web\/apyma\/","title":{"rendered":"APYMA"},"content":{"rendered":"<p><strong>\u00a0<\/strong><\/p>\n<p><strong>COMPOSICI\u00d3N APYMA<\/strong><\/p>\n<p>El pasado 17 de septiembre de 2024 se celebr\u00f3 Asamblea General de la APYMA con el<br \/>cambio de junta. La nueva junta queda constituida de la siguiente manera:<\/p>\n<p>1. Presidenta:<strong> M\u00aa \u00c1ngeles Brun Moreno<\/strong><br \/>2. Vicepresidenta:<strong> Alba Collado Collado<\/strong><br \/>3. Secretaria:<strong> Uju\u00e9 Biurrun Zoco<\/strong><br \/>4. Tesorera:<strong> Gurutze Goyena Alonso<\/strong><br \/>5. Vocales:<\/p>\n<p><strong>Mar\u00eda Elena Chindris<\/strong><\/p>\n<p><strong>Beatriz Fraile Salvo<\/strong><\/p>\n<p><strong>Esther Lanas Lanas<\/strong><br \/><strong>Virginia Anaut Sagardoy<\/strong><br \/><strong>M\u00aa Isabel Prieto D\u00edaz<\/strong><br \/><strong>Iosu Bu\u00f1uales Abenda\u00f1o<\/strong><\/p>\n<h3>\u00a0<\/h3>\n<h3>Si quieres formar parte de la Asociaci\u00f3n de padres y madres del Colegio P\u00fablico Nuestra Se\u00f1ora de la Oliva y disfrutar de las actividades que ofertamos, cumplimenta la inscripci\u00f3n de la APYMA y entr\u00e9gala a cualquier miembro de la asociaci\u00f3n o al tutor<\/h3>\n<h3><em><strong><a href=\"https:\/\/cpvirgendelaoliva.educacion.navarra.es\/web\/wp-content\/uploads\/2016\/11\/Domiciliacion-cuotas-Apyma-2017-2018.docx\">Domiciliaci\u00f3n cuotas Apyma 2024-2025 <\/a><\/strong><\/em>Si quieres formar parte de la<strong><span style=\"color: #28a326;\"> Asociaci\u00f3n de padres y madres del Colegio P\u00fablico Nuestra Se\u00f1ora de la Oliva<\/span><\/strong> y disfrutar de las actividades que ofertamos, cumplimenta la inscripci\u00f3n de la<strong><span style=\"color: #28a326;\"> APYMA<\/span><\/strong> y entr\u00e9gala a cualquier miembro de la asociaci\u00f3n o al tutor.<\/h3>\n<p>\u00a0<\/p>\n<p><strong>\u00a1AN\u00cdMATE Y HAZTE SOCIO!<\/strong><\/p>\n<p>\u00a0<\/p>\n<p><strong>\u00a0<\/strong><\/p>\n<p>\u00a0<\/p>\n\n\n<p><\/p>\n","protected":false},"excerpt":{"rendered":"<p>\u00a0 COMPOSICI\u00d3N APYMA El pasado 17 de septiembre de 2024 se celebr\u00f3 Asamblea General de la APYMA con elcambio de junta. La nueva junta queda constituida de la siguiente manera: 1. Presidenta: M\u00aa \u00c1ngeles Brun Moreno2. Vicepresidenta: Alba Collado Collado3. Secretaria: Uju\u00e9 Biurrun Zoco4. Tesorera: Gurutze Goyena Alonso5. Vocales: Mar\u00eda Elena Chindris Beatriz Fraile Salvo [&hellip;]<\/p>\n","protected":false},"author":1,"featured_media":0,"parent":0,"menu_order":0,"comment_status":"closed","ping_status":"closed","template":"","meta":{"_genesis_hide_title":false,"_genesis_hide_breadcrumbs":false,"_genesis_hide_singular_image":false,"_genesis_hide_footer_widgets":false,"_genesis_custom_body_class":"","_genesis_custom_post_class":"","_genesis_layout":""},"_links":{"self":[{"href":"https:\/\/cpvirgendelaoliva.educacion.navarra.es\/web\/wp-json\/wp\/v2\/pages\/94"}],"collection":[{"href":"https:\/\/cpvirgendelaoliva.educacion.navarra.es\/web\/wp-json\/wp\/v2\/pages"}],"about":[{"href":"https:\/\/cpvirgendelaoliva.educacion.navarra.es\/web\/wp-json\/wp\/v2\/types\/page"}],"author":[{"embeddable":true,"href":"https:\/\/cpvirgendelaoliva.educacion.navarra.es\/web\/wp-json\/wp\/v2\/users\/1"}],"replies":[{"embeddable":true,"href":"https:\/\/cpvirgendelaoliva.educacion.navarra.es\/web\/wp-json\/wp\/v2\/comments?post=94"}],"version-history":[{"count":20,"href":"https:\/\/cpvirgendelaoliva.educacion.navarra.es\/web\/wp-json\/wp\/v2\/pages\/94\/revisions"}],"predecessor-version":[{"id":2742,"href":"https:\/\/cpvirgendelaoliva.educacion.navarra.es\/web\/wp-json\/wp\/v2\/pages\/94\/revisions\/2742"}],"wp:attachment":[{"href":"https:\/\/cpvirgendelaoliva.educacion.navarra.es\/web\/wp-json\/wp\/v2\/media?parent=94"}],"curies":[{"name":"wp","href":"https:\/\/api.w.org\/{rel}","templated":true}]}}